{"id":2528,"date":"2024-08-29T10:20:27","date_gmt":"2024-08-29T10:20:27","guid":{"rendered":"https:\/\/costamp.principiadv.online\/privacy-policy\/"},"modified":"2025-03-20T13:56:03","modified_gmt":"2025-03-20T13:56:03","slug":"privacy-policy","status":"publish","type":"page","link":"https:\/\/www.costampgroup.com\/en\/privacy-policy\/","title":{"rendered":"Privacy Policy"},"content":{"rendered":"\r\n<p>In questa pagina si descrivono le modalit\u00e0 di gestione del sito in riferimento al trattamento dei dati personali degli utenti che lo consultano.<br \/><br \/>Si tratta di un&#8217;informativa che \u00e8 resa anche ai sensi dell&#8217;<a href=\"http:\/\/www.garanteprivacy.it\/garante\/doc.jsp?ID=1311248#articolo13\" target=\"_blank\" rel=\"noopener\"><strong>art. 13 del d.lg. n. 196\/2003 &#8211; Codice in materia di protezione dei dati personali<\/strong><\/a>\u00a0a coloro che interagiscono con i servizi\u00a0<em>web<\/em>\u00a0del Garante per la protezione dei dati personali, accessibili per via telematica a partire dall&#8217;indirizzo:<\/p>\r\n<p><em><a href=\"http:\/\/www.costamp.it\/\" target=\"_blank\" rel=\"noopener\">www.costamp.it<\/a><\/em><\/p>\r\n<p>corrispondente alla pagina iniziale del sito ufficiale della societ\u00e0 Co.Stamp srl.<br \/><br \/>L&#8217;informativa \u00e8 resa solo per il sito del Garante e non anche per altri siti\u00a0<em>web<\/em>\u00a0eventualmente consultati dall&#8217;utente tramite\u00a0<em>link<\/em>.<br \/><br \/>L&#8217;informativa si ispira anche alla\u00a0<a href=\"http:\/\/www.garanteprivacy.it\/garante\/doc.jsp?ID=1609845\" target=\"_blank\" rel=\"noopener\"><strong>Raccomandazione n. 2\/2001<\/strong><\/a>\u00a0che le autorit\u00e0 europee per la protezione dei dati personali, riunite nel Gruppo istituito dall&#8217;<a href=\"http:\/\/www.garanteprivacy.it\/garante\/document?ID=432175\" target=\"_blank\" rel=\"noopener\"><strong>art. 29 della direttiva n. 95\/46\/CE<\/strong><\/a>, hanno adottato il 17 maggio 2001 per individuare alcuni requisiti minimi per la raccolta di dati personali\u00a0<em>on-line<\/em>, e, in particolare, le modalit\u00e0, i tempi e la natura delle informazioni che i titolari del trattamento devono fornire agli utenti quando questi si collegano a pagine<em>web<\/em>, indipendentemente dagli scopi del collegamento.<br \/><br \/><strong>IL &#8220;TITOLARE&#8221; DEL TRATTAMENTO<\/strong><br \/><br \/>A seguito della consultazione di questo sito possono essere trattati dati relativi a persone identificate o identificabili.<br \/><br \/>Il &#8220;titolare&#8221; del loro trattamento \u00e8 la societ\u00e0 Co.Stamp srl che ha sede in Sirone, via Verdi n.6.<\/p>\r\n<p><strong>RESPONSABILE DEL TRATTAMENTO<\/strong><br \/><br \/>La societ\u00e0 \u2026\u2026\u2026\u2026\u2026\u2026 \u00e8 stata designata responsabile del trattamento ai sensi dell&#8217;<a href=\"http:\/\/www.garanteprivacy.it\/garante\/doc.jsp?ID=1311248#articolo29\" target=\"_blank\" rel=\"noopener\"><strong>articolo 29<\/strong><\/a>\u00a0del Codice in materia di protezione dei dati personali, in quanto incaricata della manutenzione della parte tecnologica del sito.<\/p>\r\n<p><strong>LUOGO DI TRATTAMENTO DEI DATI<\/strong><\/p>\r\n<p>I trattamenti connessi ai servizi web di questo sito hanno luogo presso la predetta sede della Co.Stamp srl e sono curati solo da personale tecnico dell&#8217;Ufficio incaricato del trattamento. In caso di necessit\u00e0, i dati connessi al servizio newsletter possono essere trattati dal personale della societ\u00e0 che cura la manutenzione della parte tecnologica del sito, \u2026\u2026\u2026\u2026\u2026\u2026\u2026. (responsabile del trattamento ai sensi dell&#8217;<a href=\"http:\/\/www.garanteprivacy.it\/garante\/doc.jsp?ID=1311248#articolo29\" target=\"_blank\" rel=\"noopener\"><strong>articolo 29<\/strong><\/a>\u00a0del Codice in materia di protezione dei dati personali), presso la sede della societ\u00e0 medesima.<\/p>\r\n<p><strong>TIPI DI DATI TRATTATI<\/strong><\/p>\r\n<p><em><strong>Dati di navigazione<\/strong><\/em><br \/>I sistemi informatici e le procedure\u00a0<em>software<\/em>\u00a0preposte al funzionamento di questo sito\u00a0<em>web<\/em>\u00a0acquisiscono, nel corso del loro normale esercizio, alcuni dati personali la cui trasmissione \u00e8 implicita nell&#8217;uso dei protocolli di comunicazione di Internet.<br \/><br \/>Si tratta di informazioni che non sono raccolte per essere associate a interessati identificati, ma che per loro stessa natura potrebbero, attraverso elaborazioni ed associazioni con dati detenuti da terzi, permettere di identificare gli utenti.<br \/><br \/>In questa categoria di dati rientrano gli indirizzi IP o i nomi a dominio dei computer utilizzati dagli utenti che si connettono al sito, gli indirizzi in notazione\u00a0<em>URI (Uniform Resource Identifier)<\/em>\u00a0delle risorse richieste, l&#8217;orario della richiesta, il metodo utilizzato nel sottoporre la richiesta al server, la dimensione del file ottenuto in risposta, il codice numerico indicante lo stato della risposta data dal\u00a0<em>server<\/em>\u00a0(buon fine, errore, ecc.) ed altri parametri relativi al sistema operativo e all&#8217;ambiente informatico dell&#8217;utente.<br \/><br \/>Questi dati vengono utilizzati al solo fine di ricavare informazioni statistiche anonime sull&#8217;uso del sito e per controllarne il corretto funzionamento e vengono cancellati immediatamente dopo l&#8217;elaborazione. I dati potrebbero essere utilizzati per l&#8217;accertamento di responsabilit\u00e0 in caso di ipotetici reati informatici ai danni del sito: salva questa eventualit\u00e0, allo stato i dati sui contatti\u00a0<em>web<\/em>\u00a0non persistono per pi\u00f9 di sette giorni.<\/p>\r\n<p><br \/><em><strong>Dati forniti volontariamente dall&#8217;utente<\/strong><\/em><br \/>L&#8217;invio facoltativo, esplicito e volontario di posta elettronica agli indirizzi indicati su questo sito comporta la successiva acquisizione dell&#8217;indirizzo del mittente, necessario per rispondere alle richieste, nonch\u00e9 degli eventuali altri dati personali inseriti nella missiva.<br \/><br \/>Specifiche informative di sintesi verranno progressivamente riportate o visualizzate nelle pagine del sito predisposte per particolari servizi a richiesta.<\/p>\r\n<p><br \/><em>Cookies<\/em><br \/>Nessun dato personale degli utenti viene in proposito acquisito dal sito.<br \/><br \/>Non viene fatto uso di\u00a0<em>cookies<\/em>\u00a0per la trasmissione di informazioni di carattere personale, n\u00e9 vengono utilizzati c.d.<em>cookies<\/em>\u00a0persistenti di alcun tipo, ovvero sistemi per il tracciamento degli utenti.<br \/><br \/>L&#8217;uso di c.d.\u00a0<em>cookies<\/em>\u00a0di sessione (che non vengono memorizzati in modo persistente sul computer dell&#8217;utente e svaniscono con la chiusura del browser) \u00e8 strettamente limitato alla trasmissione di identificativi di sessione (costituiti da numeri casuali generati dal\u00a0<em>server<\/em>) necessari per consentire l&#8217;esplorazione sicura ed efficiente del sito.<br \/><br \/>I c.d.\u00a0<em>cookies<\/em>\u00a0di sessione utilizzati in questo sito evitano il ricorso ad altre tecniche informatiche potenzialmente pregiudizievoli per la riservatezza della navigazione degli utenti e non consentono l&#8217;acquisizione di dati personali identificativi dell&#8217;utente.<\/p>\r\n<p><br \/><strong>FACOLTATIVITA&#8217; DEL CONFERIMENTO DEI DATI<\/strong><br \/><br \/>A parte quanto specificato per i dati di navigazione, l&#8217;utente \u00e8 libero di fornire i dati personali riportati nei moduli di richiesta al Garante o comunque indicati in contatti con l&#8217;Ufficio per sollecitare l&#8217;invio della newsletter, di materiale informativo o di altre comunicazioni.<br \/><br \/>Il loro mancato conferimento pu\u00f2 comportare l&#8217;impossibilit\u00e0 di ottenere quanto richiesto.<br \/><br \/><br \/><strong>MODALITA&#8217; DEL TRATTAMENTO<\/strong><br \/><br \/>I dati personali sono trattati con strumenti automatizzati per il tempo strettamente necessario a conseguire gli scopi per cui sono stati raccolti.<br \/><br \/>Specifiche misure di sicurezza sono osservate per prevenire la perdita dei dati, usi illeciti o non corretti ed accessi non autorizzati.<\/p>\r\n<p><br \/><strong>DIRITTI DEGLI INTERESSATI<\/strong><br \/><br \/>I soggetti cui si riferiscono i dati personali hanno il diritto in qualunque momento di ottenere la conferma dell&#8217;esistenza o meno dei medesimi dati e di conoscerne il contenuto e l&#8217;origine, verificarne l&#8217;esattezza o chiederne l&#8217;integrazione o l&#8217;aggiornamento, oppure la rettificazione (<a href=\"http:\/\/www.garanteprivacy.it\/garante\/doc.jsp?ID=1311248#articolo7\" target=\"_blank\" rel=\"noopener\"><strong>articolo 7 del Codice in materia di protezione dei dati personali<\/strong><\/a>).<br \/><br \/>Ai sensi del medesimo articolo si ha il diritto di chiedere la cancellazione, la trasformazione in forma anonima o il blocco dei dati trattati in violazione di legge, nonch\u00e9 di opporsi in ogni caso, per motivi legittimi, al loro trattamento.<\/p>\r\n<p>Le richieste vanno rivolte:<\/p>\r\n<p>&#8211; via e-mail, all&#8217;indirizzo: costamp@costamp.com<\/p>\r\n<p>&#8211; via fax: +39.031.875196<\/p>\r\n<p>&#8211; oppure via posta, al Garante per la protezione dei dati personali, che ha sede in Sirone Via Verdi n.6.<\/p>\r\n<p><br \/><strong>P3P<\/strong><br \/><br \/>La presente informativa sulla\u00a0<em>privacy<\/em>\u00a0\u00e8 consultabile in forma automatica dai pi\u00f9 recenti\u00a0<em>browser<\/em>\u00a0che implementano lo<em>standard<\/em>\u00a0P3P (&#8220;<em>Platform for Privacy Preferences Project<\/em>&#8220;) proposto dal\u00a0<em>World Wide Web Consortium<\/em>(<strong><a href=\"http:\/\/www.w3c.org\/\" target=\"_blank\" rel=\"noopener\">www.w3c.org<\/a><\/strong>).<br \/><br \/>Ogni sforzo verr\u00e0 fatto per rendere il pi\u00f9 possibile interoperabili le funzionalit\u00e0 di questo sito con i meccanismi di controllo automatico della\u00a0<em>privacy<\/em>\u00a0disponibili in alcuni prodotti utilizzati dagli utenti.<br \/><br \/>Considerando che lo stato di perfezionamento dei meccanismi automatici di controllo non li rende attualmente esenti da errori e disfunzioni, si precisa che il presente documento, pubblicato all&#8217;indirizzo<\/p>\r\n<p><strong><a href=\"http:\/\/www.costamp.it\/\" target=\"_blank\" rel=\"noopener\">www.costamp.it<\/a><\/strong><\/p>\r\n<p>costituisce la &#8220;<em>Privacy Policy<\/em>&#8221; di questo sito che sar\u00e0 soggetta ad aggiornamenti.<\/p>","protected":false},"excerpt":{"rendered":"<p>In questa pagina si descrivono le modalit\u00e0 di gestione del sito in riferimento al trattamento dei dati personali degli utenti che lo consultano. Si tratta di un&#8217;informativa che \u00e8 resa&#8230;<\/p>\n","protected":false},"author":1,"featured_media":0,"parent":0,"menu_order":0,"comment_status":"closed","ping_status":"open","template":"","meta":{"footnotes":""},"class_list":["post-2528","page","type-page","status-publish"],"_links":{"self":[{"href":"https:\/\/www.costampgroup.com\/en\/wp-json\/wp\/v2\/pages\/2528","targetHints":{"allow":["GET"]}}],"collection":[{"href":"https:\/\/www.costampgroup.com\/en\/wp-json\/wp\/v2\/pages"}],"about":[{"href":"https:\/\/www.costampgroup.com\/en\/wp-json\/wp\/v2\/types\/page"}],"author":[{"embeddable":true,"href":"https:\/\/www.costampgroup.com\/en\/wp-json\/wp\/v2\/users\/1"}],"replies":[{"embeddable":true,"href":"https:\/\/www.costampgroup.com\/en\/wp-json\/wp\/v2\/comments?post=2528"}],"version-history":[{"count":1,"href":"https:\/\/www.costampgroup.com\/en\/wp-json\/wp\/v2\/pages\/2528\/revisions"}],"predecessor-version":[{"id":2529,"href":"https:\/\/www.costampgroup.com\/en\/wp-json\/wp\/v2\/pages\/2528\/revisions\/2529"}],"wp:attachment":[{"href":"https:\/\/www.costampgroup.com\/en\/wp-json\/wp\/v2\/media?parent=2528"}],"curies":[{"name":"wp","href":"https:\/\/api.w.org\/{rel}","templated":true}]}}